{"id":10,"date":"2026-04-20T21:15:23","date_gmt":"2026-04-20T21:15:23","guid":{"rendered":"https:\/\/cfloresarquitectura.com\/?page_id=10"},"modified":"2026-04-20T22:34:46","modified_gmt":"2026-04-20T22:34:46","slug":"servicios","status":"publish","type":"page","link":"https:\/\/cfloresarquitectura.com\/?page_id=10","title":{"rendered":"Servicios"},"content":{"rendered":"<h3 data-section-id=\"9fugjo\" data-start=\"168\" data-end=\"196\">\ud83c\udfd7\ufe0f Dise\u00f1o Arquitect\u00f3nico<\/h3>\n<p data-start=\"197\" data-end=\"490\">En <strong data-start=\"200\" data-end=\"224\">CFlores Arquitectura<\/strong> desarrollamos dise\u00f1os arquitect\u00f3nicos personalizados que se adaptan a tu estilo de vida, necesidades y presupuesto. Creamos espacios modernos, funcionales y est\u00e9ticamente atractivos, optimizando cada metro cuadrado para lograr equilibrio entre dise\u00f1o y practicidad.<\/p>\n<h3 data-section-id=\"1ula701\" data-start=\"497\" data-end=\"523\">\ud83d\udcd0 Planos Constructivos<\/h3>\n<p data-start=\"524\" data-end=\"723\">Elaboramos planos constructivos completos y listos para ejecuci\u00f3n, cumpliendo con normativas en Costa Rica. Nuestro objetivo es brindarte claridad, precisi\u00f3n y seguridad en cada etapa de tu proyecto.<\/p>\n<h3 data-section-id=\"ae82g0\" data-start=\"730\" data-end=\"765\">\ud83c\udfe1 Remodelaciones y Ampliaciones<\/h3>\n<p data-start=\"766\" data-end=\"966\">Transformamos espacios existentes para mejorar su funcionalidad, dise\u00f1o y valor. Ya sea una renovaci\u00f3n completa o una ampliaci\u00f3n, optimizamos cada detalle para lograr resultados modernos y eficientes.<\/p>\n<h3 data-section-id=\"1kdxr73\" data-start=\"973\" data-end=\"995\">\ud83c\udfe2 Dise\u00f1o Comercial<\/h3>\n<p data-start=\"996\" data-end=\"1165\">Creamos espacios comerciales estrat\u00e9gicos que atraen clientes y potencian tu negocio. Dise\u00f1amos locales funcionales, atractivos y alineados con la identidad de tu marca.<\/p>\n<h3 data-section-id=\"1d7lc85\" data-start=\"1172\" data-end=\"1208\">\ud83d\udc77 Asesor\u00eda y Supervisi\u00f3n de Obra<\/h3>\n<p data-start=\"1209\" data-end=\"1399\">Te acompa\u00f1amos durante todo el proceso constructivo para garantizar que el proyecto se ejecute correctamente. Supervisamos cada etapa para asegurar calidad, cumplimiento y control de costos.<\/p>\n<h3 data-section-id=\"j8i381\" data-start=\"1406\" data-end=\"1440\">\ud83d\udcca Presupuestos y Planificaci\u00f3n<\/h3>\n<p data-start=\"1441\" data-end=\"1595\">Analizamos tu proyecto para brindarte una estimaci\u00f3n clara de costos, materiales y tiempos, ayud\u00e1ndote a tomar decisiones informadas y evitar imprevistos.<\/p>\n<p data-start=\"1638\" data-end=\"1795\"><strong data-start=\"1638\" data-end=\"1674\">\u00bfListo para empezar tu proyecto?<\/strong><br data-start=\"1674\" data-end=\"1677\" \/>En <strong data-start=\"1680\" data-end=\"1704\">CFlores Arquitectura<\/strong> te brindamos el respaldo profesional que necesitas para convertir tu idea en una realidad.<\/p>\n<p data-start=\"1797\" data-end=\"1863\">\ud83d\udc49 Agenda tu consulta hoy mismo<br data-start=\"1828\" data-end=\"1831\" \/>\ud83d\udc49 Recibe asesor\u00eda personalizada<\/p>\n<h3 data-section-id=\"two3e2\" data-start=\"2382\" data-end=\"2395\"><img decoding=\"async\" class=\"emoji\" role=\"img\" draggable=\"false\" src=\"https:\/\/s.w.org\/images\/core\/emoji\/17.0.2\/svg\/1f4de.svg\" alt=\"\ud83d\udcde\" \/>\u00a0CONTACTO<\/h3>\n<h3 data-section-id=\"jsnuq\" data-start=\"2397\" data-end=\"2433\"><span role=\"text\"><strong data-start=\"2401\" data-end=\"2433\">Hagamos realidad tu proyecto<\/strong><\/span><\/h3>\n<p data-start=\"2435\" data-end=\"2538\">En\u00a0<strong data-start=\"2438\" data-end=\"2462\">CFlores Arquitectura<\/strong>\u00a0estamos listos para ayudarte a dise\u00f1ar y construir el espacio que imaginas.<\/p>\n<p data-start=\"2540\" data-end=\"2638\"><img decoding=\"async\" class=\"emoji\" role=\"img\" draggable=\"false\" src=\"https:\/\/s.w.org\/images\/core\/emoji\/17.0.2\/svg\/1f4c5.svg\" alt=\"\ud83d\udcc5\" \/>\u00a0Agenda tu cita<br data-start=\"2557\" data-end=\"2560\" \/><img decoding=\"async\" class=\"emoji\" role=\"img\" draggable=\"false\" src=\"https:\/\/s.w.org\/images\/core\/emoji\/17.0.2\/svg\/1f4f2.svg\" alt=\"\ud83d\udcf2\" \/>\u00a0WhatsApp https:\/\/wa.me\/83334624<br data-start=\"2571\" data-end=\"2574\" \/><img decoding=\"async\" class=\"emoji\" role=\"img\" draggable=\"false\" src=\"https:\/\/s.w.org\/images\/core\/emoji\/17.0.2\/svg\/1f310.svg\" alt=\"\ud83c\udf10\" \/>\u00a0Sitio web:\u00a0<a class=\"decorated-link\" href=\"https:\/\/cfloresarquitectura.com\/\" target=\"_new\" rel=\"noopener\" data-start=\"2588\" data-end=\"2620\">https:\/\/cfloresarquitectura.com\/<\/a><br data-start=\"2620\" data-end=\"2623\" \/><img decoding=\"async\" class=\"emoji\" role=\"img\" draggable=\"false\" src=\"https:\/\/s.w.org\/images\/core\/emoji\/17.0.2\/svg\/1f4cd.svg\" alt=\"\ud83d\udccd\" \/>\u00a0Costa Rica<\/p>\n","protected":false},"excerpt":{"rendered":"<p>\ud83c\udfd7\ufe0f Dise\u00f1o Arquitect\u00f3nico En CFlores Arquitectura desarrollamos dise\u00f1os arquitect\u00f3nicos personalizados que se adaptan a tu estilo de vida, necesidades y presupuesto. Creamos espacios modernos, funcionales y est\u00e9ticamente atractivos, optimizando cada metro cuadrado para lograr equilibrio entre dise\u00f1o y practicidad. \ud83d\udcd0 Planos Constructivos Elaboramos planos constructivos completos y listos para ejecuci\u00f3n, cumpliendo con normativas en Costa [&hellip;]<\/p>\n","protected":false},"author":1,"featured_media":0,"parent":0,"menu_order":0,"comment_status":"closed","ping_status":"closed","template":"","meta":{"_joinchat":[],"footnotes":""},"class_list":["post-10","page","type-page","status-publish","hentry"],"_links":{"self":[{"href":"https:\/\/cfloresarquitectura.com\/index.php?rest_route=\/wp\/v2\/pages\/10","targetHints":{"allow":["GET"]}}],"collection":[{"href":"https:\/\/cfloresarquitectura.com\/index.php?rest_route=\/wp\/v2\/pages"}],"about":[{"href":"https:\/\/cfloresarquitectura.com\/index.php?rest_route=\/wp\/v2\/types\/page"}],"author":[{"embeddable":true,"href":"https:\/\/cfloresarquitectura.com\/index.php?rest_route=\/wp\/v2\/users\/1"}],"replies":[{"embeddable":true,"href":"https:\/\/cfloresarquitectura.com\/index.php?rest_route=%2Fwp%2Fv2%2Fcomments&post=10"}],"version-history":[{"count":4,"href":"https:\/\/cfloresarquitectura.com\/index.php?rest_route=\/wp\/v2\/pages\/10\/revisions"}],"predecessor-version":[{"id":82,"href":"https:\/\/cfloresarquitectura.com\/index.php?rest_route=\/wp\/v2\/pages\/10\/revisions\/82"}],"wp:attachment":[{"href":"https:\/\/cfloresarquitectura.com\/index.php?rest_route=%2Fwp%2Fv2%2Fmedia&parent=10"}],"curies":[{"name":"wp","href":"https:\/\/api.w.org\/{rel}","templated":true}]}}